{"id":233,"date":"2025-02-17T20:30:48","date_gmt":"2025-02-17T20:30:48","guid":{"rendered":"https:\/\/lrc-clinic.com\/hakkimizda\/"},"modified":"2026-02-17T13:33:22","modified_gmt":"2026-02-17T13:33:22","slug":"hakkimizda","status":"publish","type":"page","link":"https:\/\/lrc-clinic.com\/tr\/hakkimizda\/","title":{"rendered":"Hakk\u0131m\u0131zda"},"content":{"rendered":"\n<p><strong>LRC Dental Clinic<\/strong>, sa\u011fl\u0131k hizmeti sa\u011flay\u0131c\u0131lar\u0131yla i\u015fbirli\u011fi i\u00e7inde ula\u015f\u0131m, mobilite ve t\u0131bbi hizmetler de dahil olmak \u00fczere kapsaml\u0131 hizmetler sunan ve m\u00fc\u015fterilerimize sorunsuz ve rahat bir deneyim sa\u011flayan lider bir tedavi turizmi \u015firketidir.<\/p>\n\n\n\n<h2 class=\"wp-block-heading\">Uzmanl\u0131\u011f\u0131m\u0131z<\/h2>\n\n\n\n<p><strong>Sizin G\u00fcl\u00fc\u015f\u00fcn\u00fcz, Bizim Ustal\u0131\u011f\u0131m\u0131z<\/strong><\/p>\n\n\n\n<ul class=\"wp-block-list\">\n<li><strong>Di\u015f \u0130mplantlar\u0131<\/strong><br>T\u0131pk\u0131 kendi di\u015fleriniz gibi i\u015flev g\u00f6ren hassas i\u015f\u00e7ilikli, do\u011fal g\u00f6r\u00fcn\u00fcml\u00fc implantlarla g\u00fcl\u00fcmsemenizi geri kazan\u0131n.<\/li>\n\n\n\n<li><strong>Hollywood G\u00fcl\u00fc\u015f Makyaj\u0131<\/strong><br>Sadece size \u00f6zel geli\u015fmi\u015f kozmetik tekniklerle g\u00f6z kama\u015ft\u0131r\u0131c\u0131, k\u0131rm\u0131z\u0131 hal\u0131 g\u00fcl\u00fc\u015f\u00fcn\u00fc ortaya \u00e7\u0131kar\u0131n.<\/li>\n\n\n\n<li><strong>Kozmetik Di\u015f Hekimli\u011fi<\/strong><br>Kaplama ve beyazlatmadan eksiksiz g\u00fcl\u00fc\u015f tasar\u0131mlar\u0131na kadar, \u00e7\u00f6z\u00fcmlerimiz do\u011fal g\u00fczelli\u011finizi geli\u015ftirmek i\u00e7in \u00f6zelle\u015ftirilmi\u015ftir.<\/li>\n\n\n\n<li><strong>Genel ve Koruyucu Di\u015f Hekimli\u011fi<\/strong><br>Deneyimli ekibimizin rutin bak\u0131m\u0131 ile \u00f6m\u00fcr boyu a\u011f\u0131z sa\u011fl\u0131\u011f\u0131n\u0131z\u0131 koruyun.<\/li>\n<\/ul>\n\n\n\n<p><em>Her tedavi, kal\u0131c\u0131 sonu\u00e7lar i\u00e7in esteti\u011fi, i\u015flevselli\u011fi ve konforu bir araya getirerek sizin i\u00e7in tasarlanm\u0131\u015ft\u0131r.<\/em><\/p>\n\n\n\n<div class=\"wp-block-columns is-layout-flex wp-container-core-columns-is-layout-9d6595d7 wp-block-columns-is-layout-flex\">\n<div class=\"wp-block-column is-layout-flow wp-block-column-is-layout-flow\">\n<figure class=\"wp-block-image size-full\"><img loading=\"lazy\" decoding=\"async\" width=\"523\" height=\"725\" src=\"https:\/\/lrc-clinic.com\/wp-content\/uploads\/2026\/02\/Screen-Shot-2026-02-17-at-4.16.45-PM.png\" alt=\"\" class=\"wp-image-407\" srcset=\"https:\/\/lrc-clinic.com\/wp-content\/uploads\/2026\/02\/Screen-Shot-2026-02-17-at-4.16.45-PM.png 523w, https:\/\/lrc-clinic.com\/wp-content\/uploads\/2026\/02\/Screen-Shot-2026-02-17-at-4.16.45-PM-216x300.png 216w\" sizes=\"auto, (max-width: 523px) 100vw, 523px\" \/><\/figure>\n<\/div>\n\n\n\n<div class=\"wp-block-column is-layout-flow wp-block-column-is-layout-flow\">\n<figure class=\"wp-block-image size-full\"><img loading=\"lazy\" decoding=\"async\" width=\"736\" height=\"522\" src=\"https:\/\/lrc-clinic.com\/wp-content\/uploads\/2026\/02\/Screen-Shot-2026-02-17-at-4.17.07-PM.png\" alt=\"\" class=\"wp-image-408\" srcset=\"https:\/\/lrc-clinic.com\/wp-content\/uploads\/2026\/02\/Screen-Shot-2026-02-17-at-4.17.07-PM.png 736w, https:\/\/lrc-clinic.com\/wp-content\/uploads\/2026\/02\/Screen-Shot-2026-02-17-at-4.17.07-PM-300x213.png 300w\" sizes=\"auto, (max-width: 736px) 100vw, 736px\" \/><\/figure>\n<\/div>\n<\/div>\n","protected":false},"excerpt":{"rendered":"<p>LRC Dental Clinic, sa\u011fl\u0131k hizmeti sa\u011flay\u0131c\u0131lar\u0131yla i\u015fbirli\u011fi i\u00e7inde ula\u015f\u0131m, mobilite ve t\u0131bbi hizmetler de dahil olmak \u00fczere kapsaml\u0131 hizmetler sunan &#8230; <\/p>\n","protected":false},"author":2,"featured_media":376,"parent":0,"menu_order":0,"comment_status":"closed","ping_status":"closed","template":"","meta":{"_acf_changed":false,"footnotes":""},"class_list":["post-233","page","type-page","status-publish","has-post-thumbnail","hentry"],"acf":[],"_links":{"self":[{"href":"https:\/\/lrc-clinic.com\/tr\/wp-json\/wp\/v2\/pages\/233","targetHints":{"allow":["GET"]}}],"collection":[{"href":"https:\/\/lrc-clinic.com\/tr\/wp-json\/wp\/v2\/pages"}],"about":[{"href":"https:\/\/lrc-clinic.com\/tr\/wp-json\/wp\/v2\/types\/page"}],"author":[{"embeddable":true,"href":"https:\/\/lrc-clinic.com\/tr\/wp-json\/wp\/v2\/users\/2"}],"replies":[{"embeddable":true,"href":"https:\/\/lrc-clinic.com\/tr\/wp-json\/wp\/v2\/comments?post=233"}],"version-history":[{"count":2,"href":"https:\/\/lrc-clinic.com\/tr\/wp-json\/wp\/v2\/pages\/233\/revisions"}],"predecessor-version":[{"id":409,"href":"https:\/\/lrc-clinic.com\/tr\/wp-json\/wp\/v2\/pages\/233\/revisions\/409"}],"wp:featuredmedia":[{"embeddable":true,"href":"https:\/\/lrc-clinic.com\/tr\/wp-json\/wp\/v2\/media\/376"}],"wp:attachment":[{"href":"https:\/\/lrc-clinic.com\/tr\/wp-json\/wp\/v2\/media?parent=233"}],"curies":[{"name":"wp","href":"https:\/\/api.w.org\/{rel}","templated":true}]}}