{"id":263,"date":"2025-03-04T10:32:53","date_gmt":"2025-03-04T10:32:53","guid":{"rendered":"https:\/\/lrc-clinic.com\/?page_id=263"},"modified":"2026-02-18T10:25:27","modified_gmt":"2026-02-18T10:25:27","slug":"doktorlarimiz","status":"publish","type":"page","link":"https:\/\/lrc-clinic.com\/tr\/doktorlarimiz\/","title":{"rendered":"Doktorlar\u0131m\u0131z"},"content":{"rendered":"\n<div style=\"height:50px\" aria-hidden=\"true\" class=\"wp-block-spacer\"><\/div>\n\n\n\n<div class=\"wp-block-columns are-vertically-aligned-center has-pw-gry-background-color has-background is-layout-flex wp-container-core-columns-is-layout-9d6595d7 wp-block-columns-is-layout-flex\">\n<div class=\"wp-block-column is-vertically-aligned-center is-layout-flow wp-block-column-is-layout-flow\" style=\"flex-basis:33.33%\">\n<figure class=\"wp-block-image size-full rounded\"><img loading=\"lazy\" decoding=\"async\" width=\"450\" height=\"650\" src=\"https:\/\/lrc-clinic.com\/wp-content\/uploads\/2026\/02\/Dr-Atakan-Zogo.jpg\" alt=\"Dr. Atakan Zogo - LRC Clinic\" class=\"wp-image-410\" title=\"Dr. Atakan Zogo - LRC Clinic\" srcset=\"https:\/\/lrc-clinic.com\/wp-content\/uploads\/2026\/02\/Dr-Atakan-Zogo.jpg 450w, https:\/\/lrc-clinic.com\/wp-content\/uploads\/2026\/02\/Dr-Atakan-Zogo-208x300.jpg 208w\" sizes=\"auto, (max-width: 450px) 100vw, 450px\" \/><\/figure>\n<\/div>\n\n\n\n<div class=\"wp-block-column is-vertically-aligned-center is-layout-flow wp-block-column-is-layout-flow\" style=\"flex-basis:66.66%\">\n<h2 class=\"wp-block-heading has-pw-main-color has-text-color has-link-color wp-elements-7dc48d1fdd5551003930494531864bc4\">Dr. Atakan Zogo<\/h2>\n\n\n\n<div style=\"height:50px\" aria-hidden=\"true\" class=\"wp-block-spacer\"><\/div>\n\n\n\n<p>A\u011f\u0131z, \u00c7ene ve Y\u00fcz Cerrah\u0131 | \u0130leri Seviye \u0130mplant &amp; Zigomatik Uzman\u0131<\/p>\n\n\n\n<p><strong>Dt. Atakan Zogo<\/strong>, Istanbul Ayd\u0131n University A\u011f\u0131z, \u00c7ene ve Y\u00fcz Cerrahisi doktora program\u0131nda e\u011fitimine devam etmektedir.<\/p>\n\n\n\n<p>\u00d6zellikle ileri derecede kemik kayb\u0131 ya\u015fayan ve kompleks \u00e7ene problemleri bulunan hastalarda cerrahi \u00e7\u00f6z\u00fcmler sunmaktad\u0131r.<\/p>\n<\/div>\n<\/div>\n\n\n\n<h3 class=\"wp-block-heading\">Uzmanl\u0131k alanlar\u0131:<\/h3>\n\n\n\n<ul class=\"wp-block-list\">\n<li>\u0130leri Seviye Dental \u0130mplant Cerrahisi<\/li>\n\n\n\n<li>Zigomatik \u0130mplantlar<\/li>\n\n\n\n<li>Ayn\u0131 G\u00fcn Sabit Di\u015f (Immediate Loading)<\/li>\n\n\n\n<li>Kompleks \u00c7ene Cerrahisi<\/li>\n\n\n\n<li>Tam A\u011f\u0131z Rehabilitasyonu<\/li>\n\n\n\n<li>\u0130leri Kemik Y\u00f6netimi ve Cerrahi Protokoller<\/li>\n<\/ul>\n\n\n\n<p>Zigomatik implant tedavileri sayesinde ileri kemik erimesi olan hastalar, kemik grefti gerekmeksizin sabit di\u015flere kavu\u015fabilmektedir.<\/p>\n\n\n\n<p>3D CBCT g\u00f6r\u00fcnt\u00fcleme ve dijital cerrahi planlama ile maksimum hassasiyet ve uzun d\u00f6nemli ba\u015far\u0131 hedeflenmektedir.<\/p>\n\n\n\n<p>\u0130leri Cerrahi. H\u0131zl\u0131 Fonksiyon. Kal\u0131c\u0131 G\u00fcven.<\/p>\n\n\n\n<div style=\"height:75px\" aria-hidden=\"true\" class=\"wp-block-spacer\"><\/div>\n\n\n\n<div class=\"wp-block-columns are-vertically-aligned-center has-pw-gry-background-color has-background is-layout-flex wp-container-core-columns-is-layout-9d6595d7 wp-block-columns-is-layout-flex\">\n<div class=\"wp-block-column is-vertically-aligned-center is-layout-flow wp-block-column-is-layout-flow\" style=\"flex-basis:33.33%\">\n<figure class=\"wp-block-image size-full rounded\"><img loading=\"lazy\" decoding=\"async\" width=\"450\" height=\"650\" src=\"https:\/\/lrc-clinic.com\/wp-content\/uploads\/2026\/02\/Dr-Zulal-Isik-Albayrak.jpg\" alt=\"Dr. Z\u00fclal I\u015f\u0131k Albayrak - LRC Clinic\" class=\"wp-image-412\" title=\"Dr. Z\u00fclal I\u015f\u0131k Albayrak - LRC Clinic\" srcset=\"https:\/\/lrc-clinic.com\/wp-content\/uploads\/2026\/02\/Dr-Zulal-Isik-Albayrak.jpg 450w, https:\/\/lrc-clinic.com\/wp-content\/uploads\/2026\/02\/Dr-Zulal-Isik-Albayrak-208x300.jpg 208w\" sizes=\"auto, (max-width: 450px) 100vw, 450px\" \/><\/figure>\n<\/div>\n\n\n\n<div class=\"wp-block-column is-vertically-aligned-center is-layout-flow wp-block-column-is-layout-flow\" style=\"flex-basis:66.66%\">\n<h2 class=\"wp-block-heading has-pw-main-color has-text-color has-link-color wp-elements-a4278b8bbf52fbd57ccb6bc8a416a3ae\">Dr. Z\u00fclal I\u015f\u0131k Albayrak<\/h2>\n\n\n\n<div style=\"height:50px\" aria-hidden=\"true\" class=\"wp-block-spacer\"><\/div>\n\n\n\n<p>Estetik ve Protetik Di\u015f Hekimi<\/p>\n\n\n\n<p><strong>Dr. Z\u00fclal I\u015f\u0131k Albayrak<\/strong>, \u0130stanbul merkezli, 9 y\u0131l\u0131 a\u015fk\u0131n klinik deneyime sahip estetik ve protetik di\u015f hekimidir.<\/p>\n\n\n\n<p>\u0130stanbul \u00dcniversitesi Di\u015f Hekimli\u011fi Fak\u00fcltesi mezunu olan Dr. Z\u00fclal; \u00f6zellikle a\u015fa\u011f\u0131daki alanlarda uzmanla\u015fm\u0131\u015ft\u0131r:<\/p>\n\n\n\n<ul class=\"wp-block-list\">\n<li>Hollywood Smile (G\u00fcl\u00fc\u015f Tasar\u0131m\u0131)<\/li>\n\n\n\n<li>Porselen ve Kompozit Lamina (Veneer)<\/li>\n\n\n\n<li>Estetik G\u00fcl\u00fc\u015f D\u00f6n\u00fc\u015f\u00fcmleri<\/li>\n\n\n\n<li>\u0130leri Seviye Protetik Restorasyonlar<\/li>\n\n\n\n<li>\u0130mplant \u00dcst\u00fc Protezler<\/li>\n\n\n\n<li>Bruksizm ve TME Tedavileri<\/li>\n<\/ul>\n<\/div>\n<\/div>\n\n\n\n<p>Detayl\u0131 vaka planlamas\u0131, do\u011fal g\u00f6r\u00fcn\u00fcml\u00fc estetik sonu\u00e7lar\u0131 ve ki\u015fiye \u00f6zel yakla\u015f\u0131m\u0131 ile hem fonksiyonel hem de estetik a\u00e7\u0131dan en y\u00fcksek standartlarda tedavi sunmaktad\u0131r.<\/p>\n\n\n\n<h3 class=\"wp-block-heading\">Felsefesi nettir:<\/h3>\n\n\n\n<p>Avrupa standartlar\u0131nda kalite, estetikte m\u00fckemmeliyet.<\/p>\n\n\n\n<p><\/p>\n","protected":false},"excerpt":{"rendered":"<p>Dr. Atakan Zogo A\u011f\u0131z, \u00c7ene ve Y\u00fcz Cerrah\u0131 | \u0130leri Seviye \u0130mplant &amp; Zigomatik Uzman\u0131 Dt. Atakan Zogo, Istanbul Ayd\u0131n &#8230; <\/p>\n","protected":false},"author":3,"featured_media":0,"parent":0,"menu_order":0,"comment_status":"closed","ping_status":"closed","template":"","meta":{"_acf_changed":false,"footnotes":""},"class_list":["post-263","page","type-page","status-publish","hentry"],"acf":[],"_links":{"self":[{"href":"https:\/\/lrc-clinic.com\/tr\/wp-json\/wp\/v2\/pages\/263","targetHints":{"allow":["GET"]}}],"collection":[{"href":"https:\/\/lrc-clinic.com\/tr\/wp-json\/wp\/v2\/pages"}],"about":[{"href":"https:\/\/lrc-clinic.com\/tr\/wp-json\/wp\/v2\/types\/page"}],"author":[{"embeddable":true,"href":"https:\/\/lrc-clinic.com\/tr\/wp-json\/wp\/v2\/users\/3"}],"replies":[{"embeddable":true,"href":"https:\/\/lrc-clinic.com\/tr\/wp-json\/wp\/v2\/comments?post=263"}],"version-history":[{"count":14,"href":"https:\/\/lrc-clinic.com\/tr\/wp-json\/wp\/v2\/pages\/263\/revisions"}],"predecessor-version":[{"id":420,"href":"https:\/\/lrc-clinic.com\/tr\/wp-json\/wp\/v2\/pages\/263\/revisions\/420"}],"wp:attachment":[{"href":"https:\/\/lrc-clinic.com\/tr\/wp-json\/wp\/v2\/media?parent=263"}],"curies":[{"name":"wp","href":"https:\/\/api.w.org\/{rel}","templated":true}]}}